{"id":80,"date":"2013-06-11T16:56:30","date_gmt":"2013-06-11T14:56:30","guid":{"rendered":"http:\/\/t-print.hu\/?page_id=80"},"modified":"2017-02-08T11:38:01","modified_gmt":"2017-02-08T10:38:01","slug":"poster","status":"publish","type":"page","link":"https:\/\/t-print.hu\/?page_id=80","title":{"rendered":"poster"},"content":{"rendered":"<p>A <strong>poszternyomtat\u00e1s<\/strong> az \u00fczleti \u00e9s a mag\u00e1n \u00e9letben is nagy szerepet t\u00f6lthet be, figyelemfelkelt\u0151 szerepe van.<\/p>\n<p>\u00d6n elk\u00fcldi nek\u00fcnk fot\u00f3j\u00e1t, amit szeretne kinyomtattatni, mi pedig elk\u00e9sz\u00edtj\u00fck. Ha bizonytalan abban, hogy fot\u00f3ja megfelel\u0151 felbont\u00e1s\u00fa-e, k\u00fcldje el \u00e9s mi meg\u00edrjuk \u00d6nnek az aj\u00e1nlott m\u00e9retet.<\/p>\n<p>&nbsp;<\/p>\n<p><strong>T\u00f6bbf\u00e9le anyag \u00e9s megold\u00e1s k\u00f6z\u00fcl v\u00e1laszthat, hogy mire k\u00e9sz\u00fclj\u00f6n a nyomtatott k\u00e9p:<\/strong><\/p>\n<ul>\n<li>matt karton<\/li>\n<li>f\u00e9nyes\u00a0fot\u00f3pap\u00edr<\/li>\n<li>fest\u0151v\u00e1szon<\/li>\n<li>k\u00e9kh\u00e1t\u00fa plak\u00e1t pap\u00edr<\/li>\n<li>roll-up film<\/li>\n<\/ul>\n","protected":false},"excerpt":{"rendered":"<p>A poszternyomtat\u00e1s az \u00fczleti \u00e9s a mag\u00e1n \u00e9letben is nagy szerepet t\u00f6lthet be, figyelemfelkelt\u0151 szerepe van. \u00d6n elk\u00fcldi nek\u00fcnk fot\u00f3j\u00e1t, amit szeretne kinyomtattatni, mi pedig elk\u00e9sz\u00edtj\u00fck. Ha bizonytalan abban, hogy fot\u00f3ja megfelel\u0151 felbont\u00e1s\u00fa-e, k\u00fcldje el \u00e9s mi meg\u00edrjuk \u00d6nnek az aj\u00e1nlott m\u00e9retet. &nbsp; T\u00f6bbf\u00e9le anyag \u00e9s megold\u00e1s k\u00f6z\u00fcl v\u00e1laszthat, hogy mire k\u00e9sz\u00fclj\u00f6n a nyomtatott k\u00e9p: [&hellip;]<\/p>\n","protected":false},"author":1,"featured_media":0,"parent":72,"menu_order":0,"comment_status":"closed","ping_status":"closed","template":"","meta":{"_et_pb_use_builder":"","_et_pb_old_content":"","_et_gb_content_width":"","footnotes":""},"class_list":["post-80","page","type-page","status-publish","hentry"],"aioseo_notices":[],"_links":{"self":[{"href":"https:\/\/t-print.hu\/index.php?rest_route=\/wp\/v2\/pages\/80","targetHints":{"allow":["GET"]}}],"collection":[{"href":"https:\/\/t-print.hu\/index.php?rest_route=\/wp\/v2\/pages"}],"about":[{"href":"https:\/\/t-print.hu\/index.php?rest_route=\/wp\/v2\/types\/page"}],"author":[{"embeddable":true,"href":"https:\/\/t-print.hu\/index.php?rest_route=\/wp\/v2\/users\/1"}],"replies":[{"embeddable":true,"href":"https:\/\/t-print.hu\/index.php?rest_route=%2Fwp%2Fv2%2Fcomments&post=80"}],"version-history":[{"count":4,"href":"https:\/\/t-print.hu\/index.php?rest_route=\/wp\/v2\/pages\/80\/revisions"}],"predecessor-version":[{"id":482,"href":"https:\/\/t-print.hu\/index.php?rest_route=\/wp\/v2\/pages\/80\/revisions\/482"}],"up":[{"embeddable":true,"href":"https:\/\/t-print.hu\/index.php?rest_route=\/wp\/v2\/pages\/72"}],"wp:attachment":[{"href":"https:\/\/t-print.hu\/index.php?rest_route=%2Fwp%2Fv2%2Fmedia&parent=80"}],"curies":[{"name":"wp","href":"https:\/\/api.w.org\/{rel}","templated":true}]}}