{"id":78,"date":"2013-06-11T16:56:15","date_gmt":"2013-06-11T14:56:15","guid":{"rendered":"http:\/\/t-print.hu\/?page_id=78"},"modified":"2017-02-08T09:40:19","modified_gmt":"2017-02-08T08:40:19","slug":"molino","status":"publish","type":"page","link":"https:\/\/t-print.hu\/?page_id=78","title":{"rendered":"Molin\u00f3"},"content":{"rendered":"<p><a href=\"https:\/\/t-print.hu\/wp-content\/uploads\/2017\/02\/20160917_164100-2hh.jpg\"><img loading=\"lazy\" decoding=\"async\" class=\"aligncenter  wp-image-386\" src=\"https:\/\/t-print.hu\/wp-content\/uploads\/2017\/02\/20160917_164100-2hh.jpg\" alt=\"20160917_164100-2hh\" width=\"468\" height=\"211\" \/><\/a><\/p>\n<p>Merjen nagyot tervezni! Mutassa meg c\u00e9g\u00e9t, term\u00e9keit, <b>molin\u00f3<\/b> seg\u00edts\u00e9g\u00e9vel! Egy igaz\u00e1n id\u0151t\u00e1ll\u00f3 megold\u00e1s, ha k\u00fclt\u00e9ren k\u00edv\u00e1nja rekl\u00e1mozni mag\u00e1t huzamosabb ideig. A <em>molin\u00f3<\/em> nem csak a nagy c\u00e9gek, hanem a kisv\u00e1llalkoz\u00e1sok sz\u00e1m\u00e1ra is k\u00f6nnyed\u00e9n el\u00e9rhet\u0151 fel\u00fcletet biztos\u00edt, kedvez\u0151 \u00e1ron.<\/p>\n<p>Nyugodtan r\u00e1nk b\u00edzhatja a <b>molin\u00f3<\/b> grafikai tervez\u00e9s\u00e9t, k\u00fcldje el nek\u00fcnk elk\u00e9pzel\u00e9seit vagy pontos l\u00e1tv\u00e1nyterv\u00e9t, hogy min\u00e9l r\u00f6videbb id\u0151 alatt elk\u00e9sz\u00edthess\u00fck az \u00d6n sz\u00e1m\u00e1ra legide\u00e1lisabb kin\u00e9zetet. K\u00e9rhet r\u00e1 sz\u00f6veget, log\u00f3t \u00e9s k\u00e9pet is, igyeksz\u00fcnk\u00a0a legtiszt\u00e1bb felbont\u00e1s nyomtat\u00e1s\u00e1ra!<\/p>\n<p><b>Hol haszn\u00e1lnak <i>molin\u00f3<\/i>t? Hova helyezheti ki? <\/b><\/p>\n<p>B\u00e1rmilyen magaslatba felhelyezhet\u0151, stabil hirdet\u00e9si fel\u00fclet. A <b>molin\u00f3<\/b> felhelyezhet\u0151 ker\u00edt\u00e9sre, h\u00e1zfalra, emeletes \u00e9p\u00fcletek oldal\u00e1ra, b\u00e1rmilyen homlokzatra, k\u00e9t oszlop k\u00f6z\u00e9 \u00e9s m\u00e9g sok m\u00e1s helyre. Ide\u00e1lis bemutat\u00f3kon, nehezen \u00e9szrevehet\u0151 helyeken, ki\u00e1ll\u00edt\u00e1sokon, \u00fczletekben (p\u00e9ld\u00e1ul: \u201e50-70% LE\u00c1RAZ\u00c1S\u201d).<\/p>\n<p><b><img loading=\"lazy\" decoding=\"async\" class=\"  wp-image-387 alignleft\" src=\"https:\/\/t-print.hu\/wp-content\/uploads\/2017\/02\/DSC_0112-2hhsmall.jpg\" alt=\"DSC_0112-2hhsmall\" width=\"362\" height=\"240\" \/>Kik haszn\u00e1lnak <em>molin\u00f3t<\/em>?<\/b><\/p>\n<ul>\n<li>nagyv\u00e1llalatok<\/li>\n<li>kis-\u00e9s k\u00f6z\u00e9pv\u00e1llalkoz\u00f3k<\/li>\n<li>c\u00e9gek<\/li>\n<li>\u00fczlettulajdonosok<\/li>\n<li>gal\u00e9ri\u00e1k<\/li>\n<li>rendezv\u00e9nyszervez\u0151 c\u00e9gek<\/li>\n<li>csal\u00e1di v\u00e1llalkoz\u00e1sok<\/li>\n<li>sportesem\u00e9nyek rendez\u0151i<\/li>\n<li>rekl\u00e1m\u00fcgyn\u00f6ks\u00e9gek<\/li>\n<\/ul>\n<p>A\u00a0PVC <em>molin\u00f3<\/em> ponyv\u00e1kon\u00a0nyomtatott k\u00e9p, sz\u00f6veg vagy felirat kiv\u00e1l\u00f3 l\u00e1tv\u00e1nyelem k\u00fclt\u00e9ren \u00e9s belt\u00e9ren is egyar\u00e1nt, hiszen igaz\u00e1n id\u0151t\u00e1ll\u00f3. A <i>molin\u00f3<\/i>\u00a0b\u00fajtat\u00f3 vagy gy\u0171r\u0171k (ringlik) seg\u00edts\u00e9g\u00e9vel ker\u00fcl fel a\u00a0hely\u00e9re.<\/p>\n<p><strong><i>Molin\u00f3r<\/i>a<\/strong><b> van sz\u00fcks\u00e9ge? Keressen benn\u00fcnket!<\/b><\/p>\n<p><a href=\"https:\/\/t-print.hu\/wp-content\/uploads\/2017\/02\/DSC3050.jpg\"><img loading=\"lazy\" decoding=\"async\" class=\"aligncenter  wp-image-388\" src=\"https:\/\/t-print.hu\/wp-content\/uploads\/2017\/02\/DSC3050.jpg\" alt=\"_DSC3050\" width=\"543\" height=\"360\" \/><\/a><\/p>\n","protected":false},"excerpt":{"rendered":"<p>Merjen nagyot tervezni! Mutassa meg c\u00e9g\u00e9t, term\u00e9keit, molin\u00f3 seg\u00edts\u00e9g\u00e9vel! Egy igaz\u00e1n id\u0151t\u00e1ll\u00f3 megold\u00e1s, ha k\u00fclt\u00e9ren k\u00edv\u00e1nja rekl\u00e1mozni mag\u00e1t huzamosabb ideig. A molin\u00f3 nem csak a nagy c\u00e9gek, hanem a kisv\u00e1llalkoz\u00e1sok sz\u00e1m\u00e1ra is k\u00f6nnyed\u00e9n el\u00e9rhet\u0151 fel\u00fcletet biztos\u00edt, kedvez\u0151 \u00e1ron. Nyugodtan r\u00e1nk b\u00edzhatja a molin\u00f3 grafikai tervez\u00e9s\u00e9t, k\u00fcldje el nek\u00fcnk elk\u00e9pzel\u00e9seit vagy pontos l\u00e1tv\u00e1nyterv\u00e9t, hogy min\u00e9l r\u00f6videbb [&hellip;]<\/p>\n","protected":false},"author":1,"featured_media":0,"parent":56,"menu_order":0,"comment_status":"closed","ping_status":"closed","template":"","meta":{"_et_pb_use_builder":"","_et_pb_old_content":"","_et_gb_content_width":"","footnotes":""},"class_list":["post-78","page","type-page","status-publish","hentry"],"aioseo_notices":[],"_links":{"self":[{"href":"https:\/\/t-print.hu\/index.php?rest_route=\/wp\/v2\/pages\/78","targetHints":{"allow":["GET"]}}],"collection":[{"href":"https:\/\/t-print.hu\/index.php?rest_route=\/wp\/v2\/pages"}],"about":[{"href":"https:\/\/t-print.hu\/index.php?rest_route=\/wp\/v2\/types\/page"}],"author":[{"embeddable":true,"href":"https:\/\/t-print.hu\/index.php?rest_route=\/wp\/v2\/users\/1"}],"replies":[{"embeddable":true,"href":"https:\/\/t-print.hu\/index.php?rest_route=%2Fwp%2Fv2%2Fcomments&post=78"}],"version-history":[{"count":11,"href":"https:\/\/t-print.hu\/index.php?rest_route=\/wp\/v2\/pages\/78\/revisions"}],"predecessor-version":[{"id":469,"href":"https:\/\/t-print.hu\/index.php?rest_route=\/wp\/v2\/pages\/78\/revisions\/469"}],"up":[{"embeddable":true,"href":"https:\/\/t-print.hu\/index.php?rest_route=\/wp\/v2\/pages\/56"}],"wp:attachment":[{"href":"https:\/\/t-print.hu\/index.php?rest_route=%2Fwp%2Fv2%2Fmedia&parent=78"}],"curies":[{"name":"wp","href":"https:\/\/api.w.org\/{rel}","templated":true}]}}